{"id":555,"date":"2015-06-30T20:11:12","date_gmt":"2015-06-30T20:11:12","guid":{"rendered":"http:\/\/theme-fusion.com\/avada\/architecture-xml\/?page_id=555"},"modified":"2022-03-19T19:21:32","modified_gmt":"2022-03-19T19:21:32","slug":"architecture","status":"publish","type":"page","link":"https:\/\/amrgroupe.com\/fr\/?page_id=555","title":{"rendered":"MOT DU PDG"},"content":{"rendered":"<div class=\"fusion-fullwidth fullwidth-box fusion-builder-row-1 fusion-flex-container nonhundred-percent-fullwidth non-hundred-percent-height-scrolling\" style=\"background-color: rgba(255,255,255,0);background-position: left top;background-repeat: no-repeat;border-width: 0px 0px 0px 0px;border-color:#eae9e9;border-style:solid;\" ><div class=\"fusion-builder-row fusion-row fusion-flex-align-items-flex-start\" style=\"max-width:1248px;margin-left: calc(-4% \/ 2 );margin-right: calc(-4% \/ 2 );\"><div class=\"fusion-layout-column fusion_builder_column fusion-builder-column-0 fusion_builder_column_2_3 2_3 fusion-flex-column\"><div class=\"fusion-column-wrapper fusion-flex-justify-content-flex-start fusion-content-layout-column\" style=\"background-position:left top;background-repeat:no-repeat;-webkit-background-size:cover;-moz-background-size:cover;-o-background-size:cover;background-size:cover;padding: 0px 0px 0px 0px;\"><div class=\"fusion-text fusion-text-1\"><h2>MOT DU PDG<\/h2>\n<\/div><div class=\"fusion-separator\" style=\"align-self: flex-start;margin-right:auto;margin-top:0px;margin-bottom:10px;width:100%;max-width:170px;\"><div class=\"fusion-separator-border sep-single sep-solid\" style=\"border-color:#e2e3e8;border-top-width:3px;\"><\/div><\/div><div class=\"fusion-text fusion-text-2\"><h3><span style=\"color: #000000;\">Monsieur: S.HARCHE<\/span><br \/>\n<span style=\"color: #000000;\">Pr\u00e9sident Directeur G\u00e9n\u00e9ral<\/span><\/h3>\n<\/div><div class=\"fusion-text fusion-text-3\"><h2><\/h2>\n<p style=\"text-align: justify;\"><span style=\"color: #000000;\">Nous mettons tout en \u0153uvre;<\/span><br \/>\n<span style=\"color: #000000;\">Nos moyens humains et techniques pour fid\u00e9liser notre client\u00e8le et\u00a0r\u00e9pondre au mieux \u00e0 ses attentes.<\/span><br \/>\n<span style=\"color: #000000;\">Nous nous engageons \u00e0 offrir \u00e0 notre client\u00e8le des produits fabriqu\u00e9s\u00a0par des m\u00e9thodes modernes et \u00e0 partir de mati\u00e8res premi\u00e8res s\u00e9lectionn\u00e9es\u00a0et r\u00e9pondant aux normes internationales en vigueur.<\/span><br \/>\n<span style=\"color: #000000;\">Nous restons \u00e0 l&rsquo;\u00e9coute de notre client\u00e8le et nous \u0153uvrons \u00e0 la protection\u00a0et \u00e0 la sauvegarde de notre environnement.<\/span><\/p>\n<\/div><\/div><style type=\"text\/css\">.fusion-body .fusion-builder-column-0{width:66.666666666667% !important;margin-top : 0px;margin-bottom : 20px;}.fusion-builder-column-0 > .fusion-column-wrapper {padding-top : 0px !important;padding-right : 0px !important;margin-right : 3.84%;padding-bottom : 0px !important;padding-left : 0px !important;margin-left : 2.88%;}@media only screen and (max-width:1024px) {.fusion-body .fusion-builder-column-0{width:66.666666666667% !important;}.fusion-builder-column-0 > .fusion-column-wrapper {margin-right : 3.84%;margin-left : 2.88%;}}@media only screen and (max-width:640px) {.fusion-body .fusion-builder-column-0{width:100% !important;}.fusion-builder-column-0 > .fusion-column-wrapper {margin-right : 1.92%;margin-left : 1.92%;}}<\/style><\/div><div class=\"fusion-layout-column fusion_builder_column fusion-builder-column-1 fusion_builder_column_1_3 1_3 fusion-flex-column\"><div class=\"fusion-column-wrapper fusion-flex-justify-content-flex-start fusion-content-layout-column\" style=\"background-position:left top;background-repeat:no-repeat;-webkit-background-size:cover;-moz-background-size:cover;-o-background-size:cover;background-size:cover;padding: 0px 0px 0px 0px;\"><div ><style>.fusion-imageframe.imageframe-1{ margin-top : 20px;}<\/style><span class=\" fusion-imageframe imageframe-none imageframe-1 hover-type-zoomin fusion-animated\" data-animationType=\"fadeInDown\" data-animationDuration=\"1\" data-animationOffset=\"top-into-view\"><a href=\"https:\/\/amrgroupe.com\/fr\/wp-content\/uploads\/2015\/07\/Presentation.jpg\" class=\"fusion-lightbox\" data-rel=\"iLightbox[60d8af20e225ab628b8]\" data-title=\"Presentation\" title=\"Presentation\"><img decoding=\"async\" width=\"731\" height=\"1097\" src=\"https:\/\/amrgroupe.com\/fr\/wp-content\/uploads\/2015\/07\/Presentation.jpg\" alt class=\"img-responsive wp-image-1021\" srcset=\"https:\/\/amrgroupe.com\/fr\/wp-content\/uploads\/2015\/07\/Presentation-200x300.jpg 200w, https:\/\/amrgroupe.com\/fr\/wp-content\/uploads\/2015\/07\/Presentation.jpg 731w\" sizes=\"(max-width: 640px) 100vw, 731px\" \/><\/a><\/span><\/div><\/div><style type=\"text\/css\">.fusion-body .fusion-builder-column-1{width:33.333333333333% !important;margin-top : 0px;margin-bottom : 20px;}.fusion-builder-column-1 > .fusion-column-wrapper {padding-top : 0px !important;padding-right : 0px !important;margin-right : 5.76%;padding-bottom : 0px !important;padding-left : 0px !important;margin-left : 3.84%;}@media only screen and (max-width:1024px) {.fusion-body .fusion-builder-column-1{width:33.333333333333% !important;}.fusion-builder-column-1 > .fusion-column-wrapper {margin-right : 5.76%;margin-left : 3.84%;}}@media only screen and (max-width:640px) {.fusion-body .fusion-builder-column-1{width:100% !important;}.fusion-builder-column-1 > .fusion-column-wrapper {margin-right : 1.92%;margin-left : 1.92%;}}<\/style><\/div><\/div><style type=\"text\/css\">.fusion-body .fusion-flex-container.fusion-builder-row-1{ padding-top : -20px;margin-top : 0px;padding-right : 30px;padding-bottom : 0px;margin-bottom : 0px;padding-left : 30px;}<\/style><\/div>\n","protected":false},"excerpt":{"rendered":"MOT DU PDG Monsieur: S.HARCHE Pr\u00e9sident Directeur G\u00e9n\u00e9ral Nous mettons tout en \u0153uvre; Nos moyens humains et techniques pour fid\u00e9liser notre client\u00e8le et\u00a0r\u00e9pondre au mieux \u00e0 ses attentes. Nous nous engageons \u00e0 offrir \u00e0 notre client\u00e8le des produits fabriqu\u00e9s\u00a0par des m\u00e9thodes modernes et \u00e0 partir de mati\u00e8res premi\u00e8res s\u00e9lectionn\u00e9es\u00a0et r\u00e9pondant aux normes internationales en vigueur. [...]","protected":false},"author":2,"featured_media":0,"parent":0,"menu_order":0,"comment_status":"closed","ping_status":"closed","template":"100-width.php","meta":{"footnotes":""},"class_list":["post-555","page","type-page","status-publish","hentry"],"acf":[],"yoast_head":"<!-- This site is optimized with the Yoast SEO Premium plugin v20.11 (Yoast SEO v27.2) - https:\/\/yoast.com\/product\/yoast-seo-premium-wordpress\/ -->\n<title>MOT DU PDG - AMR GROUPE<\/title>\n<meta name=\"robots\" content=\"index, follow, max-snippet:-1, max-image-preview:large, max-video-preview:-1\" \/>\n<link rel=\"canonical\" href=\"https:\/\/amrgroupe.com\/fr\/?page_id=555\" \/>\n<meta property=\"og:locale\" content=\"fr_FR\" \/>\n<meta property=\"og:type\" content=\"article\" \/>\n<meta property=\"og:title\" content=\"MOT DU PDG\" \/>\n<meta property=\"og:url\" content=\"https:\/\/amrgroupe.com\/fr\/?page_id=555\" \/>\n<meta property=\"og:site_name\" content=\"AMR GROUPE\" \/>\n<meta property=\"article:publisher\" content=\"https:\/\/www.facebook.com\/GROUPEAMR\" \/>\n<meta property=\"article:modified_time\" content=\"2022-03-19T19:21:32+00:00\" \/>\n<meta property=\"og:image\" content=\"https:\/\/amrgroupe.com\/fr\/wp-content\/uploads\/2015\/07\/Presentation.jpg\" \/>\n<meta name=\"twitter:card\" content=\"summary_large_image\" \/>\n<meta name=\"twitter:label1\" content=\"Dur\u00e9e de lecture estim\u00e9e\" \/>\n\t<meta name=\"twitter:data1\" content=\"4 minutes\" \/>\n<script type=\"application\/ld+json\" class=\"yoast-schema-graph\">{\"@context\":\"https:\/\/schema.org\",\"@graph\":[{\"@type\":\"WebPage\",\"@id\":\"https:\/\/amrgroupe.com\/fr\/?page_id=555\",\"url\":\"https:\/\/amrgroupe.com\/fr\/?page_id=555\",\"name\":\"MOT DU PDG - AMR GROUPE\",\"isPartOf\":{\"@id\":\"https:\/\/amrgroupe.com\/fr\/#website\"},\"primaryImageOfPage\":{\"@id\":\"https:\/\/amrgroupe.com\/fr\/?page_id=555#primaryimage\"},\"image\":{\"@id\":\"https:\/\/amrgroupe.com\/fr\/?page_id=555#primaryimage\"},\"thumbnailUrl\":\"https:\/\/amrgroupe.com\/fr\/wp-content\/uploads\/2015\/07\/Presentation.jpg\",\"datePublished\":\"2015-06-30T20:11:12+00:00\",\"dateModified\":\"2022-03-19T19:21:32+00:00\",\"breadcrumb\":{\"@id\":\"https:\/\/amrgroupe.com\/fr\/?page_id=555#breadcrumb\"},\"inLanguage\":\"fr-FR\",\"potentialAction\":[{\"@type\":\"ReadAction\",\"target\":[\"https:\/\/amrgroupe.com\/fr\/?page_id=555\"]}]},{\"@type\":\"ImageObject\",\"inLanguage\":\"fr-FR\",\"@id\":\"https:\/\/amrgroupe.com\/fr\/?page_id=555#primaryimage\",\"url\":\"https:\/\/amrgroupe.com\/fr\/wp-content\/uploads\/2015\/07\/Presentation.jpg\",\"contentUrl\":\"https:\/\/amrgroupe.com\/fr\/wp-content\/uploads\/2015\/07\/Presentation.jpg\"},{\"@type\":\"BreadcrumbList\",\"@id\":\"https:\/\/amrgroupe.com\/fr\/?page_id=555#breadcrumb\",\"itemListElement\":[{\"@type\":\"ListItem\",\"position\":1,\"name\":\"Accueil\",\"item\":\"https:\/\/amrgroupe.com\/fr\/\"},{\"@type\":\"ListItem\",\"position\":2,\"name\":\"MOT DU PDG\"}]},{\"@type\":\"WebSite\",\"@id\":\"https:\/\/amrgroupe.com\/fr\/#website\",\"url\":\"https:\/\/amrgroupe.com\/fr\/\",\"name\":\"AMR GROUPE\",\"description\":\"AMR GROUPE\",\"publisher\":{\"@id\":\"https:\/\/amrgroupe.com\/fr\/#organization\"},\"potentialAction\":[{\"@type\":\"SearchAction\",\"target\":{\"@type\":\"EntryPoint\",\"urlTemplate\":\"https:\/\/amrgroupe.com\/fr\/?s={search_term_string}\"},\"query-input\":{\"@type\":\"PropertyValueSpecification\",\"valueRequired\":true,\"valueName\":\"search_term_string\"}}],\"inLanguage\":\"fr-FR\"},{\"@type\":\"Organization\",\"@id\":\"https:\/\/amrgroupe.com\/fr\/#organization\",\"name\":\"AMR GROUPE\",\"url\":\"https:\/\/amrgroupe.com\/fr\/\",\"logo\":{\"@type\":\"ImageObject\",\"inLanguage\":\"fr-FR\",\"@id\":\"https:\/\/amrgroupe.com\/fr\/#\/schema\/logo\/image\/\",\"url\":\"https:\/\/amrgroupe.com\/fr\/wp-content\/uploads\/2022\/03\/LOGO-AMR-V3.png\",\"contentUrl\":\"https:\/\/amrgroupe.com\/fr\/wp-content\/uploads\/2022\/03\/LOGO-AMR-V3.png\",\"width\":272,\"height\":129,\"caption\":\"AMR GROUPE\"},\"image\":{\"@id\":\"https:\/\/amrgroupe.com\/fr\/#\/schema\/logo\/image\/\"},\"sameAs\":[\"https:\/\/www.facebook.com\/GROUPEAMR\"]}]}<\/script>\n<!-- \/ Yoast SEO Premium plugin. -->","yoast_head_json":{"title":"MOT DU PDG - AMR GROUPE","robots":{"index":"index","follow":"follow","max-snippet":"max-snippet:-1","max-image-preview":"max-image-preview:large","max-video-preview":"max-video-preview:-1"},"canonical":"https:\/\/amrgroupe.com\/fr\/?page_id=555","og_locale":"fr_FR","og_type":"article","og_title":"MOT DU PDG","og_url":"https:\/\/amrgroupe.com\/fr\/?page_id=555","og_site_name":"AMR GROUPE","article_publisher":"https:\/\/www.facebook.com\/GROUPEAMR","article_modified_time":"2022-03-19T19:21:32+00:00","og_image":[{"url":"https:\/\/amrgroupe.com\/fr\/wp-content\/uploads\/2015\/07\/Presentation.jpg","type":"","width":"","height":""}],"twitter_card":"summary_large_image","twitter_misc":{"Dur\u00e9e de lecture estim\u00e9e":"4 minutes"},"schema":{"@context":"https:\/\/schema.org","@graph":[{"@type":"WebPage","@id":"https:\/\/amrgroupe.com\/fr\/?page_id=555","url":"https:\/\/amrgroupe.com\/fr\/?page_id=555","name":"MOT DU PDG - AMR GROUPE","isPartOf":{"@id":"https:\/\/amrgroupe.com\/fr\/#website"},"primaryImageOfPage":{"@id":"https:\/\/amrgroupe.com\/fr\/?page_id=555#primaryimage"},"image":{"@id":"https:\/\/amrgroupe.com\/fr\/?page_id=555#primaryimage"},"thumbnailUrl":"https:\/\/amrgroupe.com\/fr\/wp-content\/uploads\/2015\/07\/Presentation.jpg","datePublished":"2015-06-30T20:11:12+00:00","dateModified":"2022-03-19T19:21:32+00:00","breadcrumb":{"@id":"https:\/\/amrgroupe.com\/fr\/?page_id=555#breadcrumb"},"inLanguage":"fr-FR","potentialAction":[{"@type":"ReadAction","target":["https:\/\/amrgroupe.com\/fr\/?page_id=555"]}]},{"@type":"ImageObject","inLanguage":"fr-FR","@id":"https:\/\/amrgroupe.com\/fr\/?page_id=555#primaryimage","url":"https:\/\/amrgroupe.com\/fr\/wp-content\/uploads\/2015\/07\/Presentation.jpg","contentUrl":"https:\/\/amrgroupe.com\/fr\/wp-content\/uploads\/2015\/07\/Presentation.jpg"},{"@type":"BreadcrumbList","@id":"https:\/\/amrgroupe.com\/fr\/?page_id=555#breadcrumb","itemListElement":[{"@type":"ListItem","position":1,"name":"Accueil","item":"https:\/\/amrgroupe.com\/fr\/"},{"@type":"ListItem","position":2,"name":"MOT DU PDG"}]},{"@type":"WebSite","@id":"https:\/\/amrgroupe.com\/fr\/#website","url":"https:\/\/amrgroupe.com\/fr\/","name":"AMR GROUPE","description":"AMR GROUPE","publisher":{"@id":"https:\/\/amrgroupe.com\/fr\/#organization"},"potentialAction":[{"@type":"SearchAction","target":{"@type":"EntryPoint","urlTemplate":"https:\/\/amrgroupe.com\/fr\/?s={search_term_string}"},"query-input":{"@type":"PropertyValueSpecification","valueRequired":true,"valueName":"search_term_string"}}],"inLanguage":"fr-FR"},{"@type":"Organization","@id":"https:\/\/amrgroupe.com\/fr\/#organization","name":"AMR GROUPE","url":"https:\/\/amrgroupe.com\/fr\/","logo":{"@type":"ImageObject","inLanguage":"fr-FR","@id":"https:\/\/amrgroupe.com\/fr\/#\/schema\/logo\/image\/","url":"https:\/\/amrgroupe.com\/fr\/wp-content\/uploads\/2022\/03\/LOGO-AMR-V3.png","contentUrl":"https:\/\/amrgroupe.com\/fr\/wp-content\/uploads\/2022\/03\/LOGO-AMR-V3.png","width":272,"height":129,"caption":"AMR GROUPE"},"image":{"@id":"https:\/\/amrgroupe.com\/fr\/#\/schema\/logo\/image\/"},"sameAs":["https:\/\/www.facebook.com\/GROUPEAMR"]}]}},"_links":{"self":[{"href":"https:\/\/amrgroupe.com\/fr\/index.php?rest_route=\/wp\/v2\/pages\/555","targetHints":{"allow":["GET"]}}],"collection":[{"href":"https:\/\/amrgroupe.com\/fr\/index.php?rest_route=\/wp\/v2\/pages"}],"about":[{"href":"https:\/\/amrgroupe.com\/fr\/index.php?rest_route=\/wp\/v2\/types\/page"}],"author":[{"embeddable":true,"href":"https:\/\/amrgroupe.com\/fr\/index.php?rest_route=\/wp\/v2\/users\/2"}],"replies":[{"embeddable":true,"href":"https:\/\/amrgroupe.com\/fr\/index.php?rest_route=%2Fwp%2Fv2%2Fcomments&post=555"}],"version-history":[{"count":10,"href":"https:\/\/amrgroupe.com\/fr\/index.php?rest_route=\/wp\/v2\/pages\/555\/revisions"}],"predecessor-version":[{"id":1037,"href":"https:\/\/amrgroupe.com\/fr\/index.php?rest_route=\/wp\/v2\/pages\/555\/revisions\/1037"}],"wp:attachment":[{"href":"https:\/\/amrgroupe.com\/fr\/index.php?rest_route=%2Fwp%2Fv2%2Fmedia&parent=555"}],"curies":[{"name":"wp","href":"https:\/\/api.w.org\/{rel}","templated":true}]}}